{"id":18,"date":"2017-04-05T12:02:11","date_gmt":"2017-04-05T10:02:11","guid":{"rendered":"https:\/\/wasserstoffstadt-herten.de\/en\/?page_id=18"},"modified":"2017-04-05T12:02:44","modified_gmt":"2017-04-05T10:02:44","slug":"englisch-kontakt-impressum","status":"publish","type":"page","link":"https:\/\/wasserstoffstadt-herten.de\/en\/englisch-kontakt-impressum\/","title":{"rendered":"ENGLISCH Kontakt &#038; Impressum"},"content":{"rendered":"<div id=\"c437\" class=\"csc-default\">\n<h2>Allgemeine Anfragen und Postadresse<\/h2>\n<p class=\"bodytext\">Anwenderzentrum H2Herten<br \/>\nDoncaster-Platz 5<br \/>\n45699 Herten<\/p>\n<p class=\"bodytext\">info(at)h2herten.de<\/p>\n<p class=\"bodytext\">Wegbeschreibung<\/p>\n<\/div>\n<div id=\"c438\" class=\"csc-default\">\n<h2>Ihre Ansprechpartner<\/h2>\n<p><img loading=\"lazy\" decoding=\"async\" class=\"alignleft\" src=\"http:\/\/www.wasserstoffstadt-herten.de\/typo3temp\/pics\/1c84a385be.jpg\" alt=\"\" width=\"150\" height=\"150\" \/><\/p>\n<p class=\"bodytext\">Heidi Wiecha<br \/>\nZentrums-Management,<br \/>\n\u00d6ffentlichkeitsarbeit,<br \/>\nWirtschaftsf\u00f6rderung<\/p>\n<p class=\"bodytext\">Fon: +49 (0)2366-18 89 71<br \/>\nE-Mail: <a class=\"mail\">h.wiecha(at)herten.de<\/a><\/p>\n<p><img loading=\"lazy\" decoding=\"async\" class=\"alignleft\" src=\"http:\/\/www.wasserstoffstadt-herten.de\/typo3temp\/pics\/cd2070ce68.jpg\" alt=\"\" width=\"150\" height=\"150\" \/><\/p>\n<p class=\"bodytext\">Dieter Kwapis<br \/>\nProjektleitung<br \/>\nH2Herten,<br \/>\nWirtschaftsf\u00f6rderung<\/p>\n<p class=\"bodytext\">Fon: +49 (0)2366-30 52 86<br \/>\nE-Mail: <a class=\"mail\">d.kwapis(at)herten.de<\/a><\/p>\n<p><img loading=\"lazy\" decoding=\"async\" class=\"alignleft\" src=\"http:\/\/www.wasserstoffstadt-herten.de\/typo3temp\/pics\/3ac12eba9f.jpg\" alt=\"\" width=\"150\" height=\"150\" \/><\/p>\n<p class=\"bodytext\">Dieter Mende<br \/>\nNetworking,<br \/>\nKontaktmanagement<\/p>\n<p class=\"bodytext\">Fon: +49 (0)163-60 40764<br \/>\nE-Mail: <a>dieter.mende(at)h2herten.de<\/a><\/p>\n<\/div>\n<p>&nbsp;<\/p>\n<p class=\"bodytext\">Inhaltlich verantwortlich gem. \u00a7 6 des Gesetzes \u00fcber die Nutzung von Telediensten (TDG), \u00a7\u00a7 6, 10 Mediendienste-Staatsvertrag (MDStV):<\/p>\n<p class=\"bodytext\">HTVG mbH<br \/>\nKonrad-Adenauer-Str. 9-13<br \/>\n45699 Herten<br \/>\nFon: 02366-305-0<br \/>\nFax: 02366-305-100<br \/>\nE-Mail: info(at)htvg.de<br \/>\nwww.htvg.de<\/p>\n<p class=\"bodytext\">Peter Brautmeier<br \/>\nFon: 02366-303-262<br \/>\nFax: 02366-303-523<br \/>\nE-Mail: p.brautmeier(at)herten.de<\/p>\n<p class=\"bodytext\">Amtsgericht Recklinghausen<br \/>\nHandelsregister: HR B 3018<br \/>\nUst.-Nr.: DE 154150597<\/p>\n<p class=\"bodytext\">Redaktion: RDN Agentur f\u00fcr Public Relations<br \/>\nAnton-Bauer-Weg 6<br \/>\n45657 Recklinghausen<\/p>\n<p class=\"bodytext\">Fon: 02361-490491-10<br \/>\nE-Mail: redaktion(at)rdn-online.de<\/p>\n<p class=\"bodytext\">Haftungsausschluss<\/p>\n<h4>Externe Links:<\/h4>\n<p class=\"bodytext\">Die HTVG mbH ist als Inhaltsanbieter f\u00fcr die eigenen Inhalte, die sie zur Nutzung bereith\u00e4lt, nach den allgemeinen Gesetzen verantwortlich. Von diesen eigenen Inhalten sind Querverweise (&#8220;Links&#8221;) auf die von anderen Anbietern bereitgehaltenen Inhalte zu unterscheiden. Durch den Querverweis h\u00e4lt die HTVG mbH insofern &#8220;fremde Inhalte&#8221; zur Nutzung bereit. Links zu externen Informationsanbietern sind durch das \u00d6ffnen eines neuen Browser-Fensters gekennzeichnet. Die Verantwortung f\u00fcr die dortigen Inhalte liegt bei den jeweiligen Informationsanbietern.<\/p>\n<p class=\"bodytext\">F\u00fcr diese fremden Inhalte ist die HTVG mbH nur dann verantwortlich, wenn von ihnen (d.h. auch von einem rechtswidrigen bzw. strafbaren Inhalt) positive Kenntnis vorliegt und es technisch m\u00f6glich und zumutbar ist, deren Nutzung zu verhindern (\u00a75 Abs.2 TDG).<\/p>\n<p class=\"bodytext\">Bei &#8220;Links&#8221; handelt es sich allerdings stets um &#8220;lebende&#8221; (dynamische) Verweisungen. Die HTVG mbH hat bei der erstmaligen Verkn\u00fcpfung zwar den fremden Inhalt daraufhin \u00fcberpr\u00fcft, ob durch ihn eine m\u00f6gliche zivilrechtliche oder strafrechtliche Verantwortlichkeit ausgel\u00f6st wird. Der Inhaltsanbieter ist aber nach dem TDG nicht dazu verpflichtet, die Inhalte, auf die er in seinem Angebot verweist, st\u00e4ndig auf Ver\u00e4nderungen zu \u00fcberpr\u00fcfen, die eine Verantwortlichkeit neu begr\u00fcnden k\u00f6nnten.<\/p>\n<p class=\"bodytext\">Erst wenn er feststellt oder von anderen darauf hingewiesen wird, dass ein konkretes Angebot, zu dem er einen Link bereitgestellt hat, eine zivil- oder strafrechtliche Verantwortlichkeit ausl\u00f6st, wird er den Verweis auf dieses Angebot aufheben, soweit ihm dies technisch m\u00f6glich und zumutbar ist. Die technische M\u00f6glichkeit und Zumutbarkeit wird nicht dadurch beeinflu\u00dft, dass auch nach Unterbindung des Zugriffs von der eigenen Homepage von anderen Servern aus auf das rechtswidrige oder strafbare Angebot zugegriffen werden kann.<\/p>\n<h4>Hinweis:<\/h4>\n<p class=\"bodytext\">Diesen Disclaimer verwenden wir hier mit freundlicher Genehmigung des Datenschutzbeauftragten Berlin, von dessen Website wir ihn f\u00fcr unsere Zwecke abgeleitet haben und der ihn jedem, der ihn gerne verwenden m\u00f6chte, ebenfalls zur Verf\u00fcgung stellt.<\/p>\n<h4>Informationen:<\/h4>\n<p class=\"bodytext\">Die HTVG mbH bem\u00fcht sich im Rahmen des Zumutbaren, auf dieser Website richtige und vollst\u00e4ndige Informationen zur Verf\u00fcgung zu stellen. S\u00e4mtliche auf den Internetseiten enthaltene Angaben und Informationen werden sorgf\u00e4ltig recherchiert und gepr\u00fcft. Die Stadt Herten ist aber nicht verpflichtet, die hier verbreiteten Informationen zu aktualisieren oder zu korrigieren. Sie \u00fcbernimmt weder Gew\u00e4hr noch Haftung f\u00fcr die Richtigkeit, Vollst\u00e4ndigkeit und Aktualit\u00e4t der hier bereitgestellten Informationen. Gleiches gilt gegebenenfalls f\u00fcr Satzfehler.<\/p>\n<h4>\u00c4nderungen<\/h4>\n<p class=\"bodytext\">Die HTVG mbH Herten beh\u00e4lt sich das Recht vor, jederzeit und ohne vorherige Ank\u00fcndigung \u00c4nderungen oder Erg\u00e4nzungen der bereitgestellten Informationen vorzunehmen. Auch die diesem Impressum zugrunde gelegten Nutzungsbedingungen sowie das Impressum selbst k\u00f6nnen jederzeit ge\u00e4ndert werden.<\/p>\n<h4>Copyright<\/h4>\n<p class=\"bodytext\">Inhalt und Struktur dieser Website sind urheberrechtlich gesch\u00fctzt. Erfasst sind alle hier bereitgestellten Informationen und Daten, insbesondere das Layout, s\u00e4mtliche Grafiken und Bilder, Unternehmenskennzeichen (Firmennamen, Firmenzeichen und Logos) und die einzelnen Beitr\u00e4ge, sowohl im Ganzen als auch in Teilen.<\/p>\n<p class=\"bodytext\">Alle Rechte werden vorbehalten. Insbesondere sind die fotomechanische und\/oder die \u00f6ffentliche Wiedergabe, die Vervielf\u00e4ltigung, die Verwertung und die Verbreitung, auch mittels besonderer Verfahren (zum Beispiel Datenverarbeitung, Datentr\u00e4ger und Datennetze) und auch nur in Teilen, ohne vorherige, ausdr\u00fcckliche schriftliche Genehmigung der Stadt Herten verboten. Ausnahmen gelten nur f\u00fcr Texte, die als Pressemitteilungen zur Verf\u00fcgung gestellt werden, und f\u00fcr die Vervielf\u00e4ltigung zu Informationszwecken im privaten und pers\u00f6nlichen Gebrauch.<\/p>\n","protected":false},"excerpt":{"rendered":"<p>Allgemeine Anfragen und Postadresse Anwenderzentrum H2Herten Doncaster-Platz 5 45699 Herten info(at)h2herten.de Wegbeschreibung Ihre Ansprechpartner Heidi Wiecha Zentrums-Management, \u00d6ffentlichkeitsarbeit, Wirtschaftsf\u00f6rderung Fon: &hellip; <a href=\"https:\/\/wasserstoffstadt-herten.de\/en\/englisch-kontakt-impressum\/\" class=\"more-link\">Continue reading <span class=\"screen-reader-text\">ENGLISCH Kontakt &#038; Impressum<\/span><\/a><\/p>\n","protected":false},"author":1,"featured_media":0,"parent":0,"menu_order":0,"comment_status":"closed","ping_status":"closed","template":"","meta":{"footnotes":""},"_links":{"self":[{"href":"https:\/\/wasserstoffstadt-herten.de\/en\/wp-json\/wp\/v2\/pages\/18"}],"collection":[{"href":"https:\/\/wasserstoffstadt-herten.de\/en\/wp-json\/wp\/v2\/pages"}],"about":[{"href":"https:\/\/wasserstoffstadt-herten.de\/en\/wp-json\/wp\/v2\/types\/page"}],"author":[{"embeddable":true,"href":"https:\/\/wasserstoffstadt-herten.de\/en\/wp-json\/wp\/v2\/users\/1"}],"replies":[{"embeddable":true,"href":"https:\/\/wasserstoffstadt-herten.de\/en\/wp-json\/wp\/v2\/comments?post=18"}],"version-history":[{"count":1,"href":"https:\/\/wasserstoffstadt-herten.de\/en\/wp-json\/wp\/v2\/pages\/18\/revisions"}],"predecessor-version":[{"id":19,"href":"https:\/\/wasserstoffstadt-herten.de\/en\/wp-json\/wp\/v2\/pages\/18\/revisions\/19"}],"wp:attachment":[{"href":"https:\/\/wasserstoffstadt-herten.de\/en\/wp-json\/wp\/v2\/media?parent=18"}],"curies":[{"name":"wp","href":"https:\/\/api.w.org\/{rel}","templated":true}]}}