{"id":21,"date":"2017-04-05T12:04:11","date_gmt":"2017-04-05T10:04:11","guid":{"rendered":"https:\/\/wasserstoffstadt-herten.de\/en\/?page_id=21"},"modified":"2017-04-05T12:04:11","modified_gmt":"2017-04-05T10:04:11","slug":"englisch-leistungen","status":"publish","type":"page","link":"https:\/\/wasserstoffstadt-herten.de\/en\/englisch-leistungen\/","title":{"rendered":"ENGLISCH Leistungen"},"content":{"rendered":"<h1>Wir sind f\u00fcr Sie da:<\/h1>\n<p class=\"bodytext\">Profitieren Sie von unserer langj\u00e4hrigen Erfahrung im Projektmanagement.<\/p>\n<p class=\"bodytext\">Das Team von H2Herten und der st\u00e4dtischen Wirtschaftsf\u00f6rderung unterst\u00fctzt Sie aktiv und kompetent:<\/p>\n<ul>\n<li>bei Firmenansiedlungen und Existenzgr\u00fcndungen<\/li>\n<li>auf Ihrem Weg durch die F\u00f6rderprogramme<\/li>\n<li>bei der\u00a0Realisierung von Projektideen<\/li>\n<li>\u00fcber Kontakte zu Wissenschaft und Forschung, zur Industrie<br \/>\nund den relevanten Verb\u00e4nden<\/li>\n<li>Unterst\u00fctzung bei der Initiierung bzw. Begleitung<br \/>\nvon Forschungs- und Entwicklungsprojekten<\/li>\n<li>Kontaktvermittlung<\/li>\n<li>Networking<\/li>\n<li>Pr\u00e4senzen auf Messen und Fachveranstaltungen<\/li>\n<li>\u00d6ffentlichkeitsarbeit &#8211; Standortmarketing<\/li>\n<\/ul>\n<p class=\"bodytext\">Oder ben\u00f6tigen Sie einen Raum f\u00fcr Ihr Meeting oder einen Workshop?<br \/>\nUnsere Leistungen im Einzelnen k\u00f6nnen Sie hier nachlesen.<br \/>\nNehmen Sie einfach Kontakt zu uns auf.<\/p>\n<div id=\"c478\" class=\"csc-default\">\n<div class=\"csc-textpic csc-textpic-center csc-textpic-below\">\n<div class=\"csc-textpic-imagewrap\">\n<p><img loading=\"lazy\" decoding=\"async\" src=\"http:\/\/www.wasserstoffstadt-herten.de\/typo3temp\/pics\/ca5b4fd129.jpg\" alt=\"\" width=\"295\" height=\"66\" \/><\/p>\n<p><img loading=\"lazy\" decoding=\"async\" src=\"http:\/\/www.wasserstoffstadt-herten.de\/typo3temp\/pics\/da179fb2e3.jpg\" alt=\"\" width=\"295\" height=\"56\" \/><\/p>\n<\/div>\n<\/div>\n<\/div>\n","protected":false},"excerpt":{"rendered":"<p>Wir sind f\u00fcr Sie da: Profitieren Sie von unserer langj\u00e4hrigen Erfahrung im Projektmanagement. Das Team von H2Herten und der st\u00e4dtischen &hellip; <a href=\"https:\/\/wasserstoffstadt-herten.de\/en\/englisch-leistungen\/\" class=\"more-link\">Continue reading <span class=\"screen-reader-text\">ENGLISCH Leistungen<\/span><\/a><\/p>\n","protected":false},"author":1,"featured_media":0,"parent":0,"menu_order":0,"comment_status":"closed","ping_status":"closed","template":"","meta":{"footnotes":""},"_links":{"self":[{"href":"https:\/\/wasserstoffstadt-herten.de\/en\/wp-json\/wp\/v2\/pages\/21"}],"collection":[{"href":"https:\/\/wasserstoffstadt-herten.de\/en\/wp-json\/wp\/v2\/pages"}],"about":[{"href":"https:\/\/wasserstoffstadt-herten.de\/en\/wp-json\/wp\/v2\/types\/page"}],"author":[{"embeddable":true,"href":"https:\/\/wasserstoffstadt-herten.de\/en\/wp-json\/wp\/v2\/users\/1"}],"replies":[{"embeddable":true,"href":"https:\/\/wasserstoffstadt-herten.de\/en\/wp-json\/wp\/v2\/comments?post=21"}],"version-history":[{"count":1,"href":"https:\/\/wasserstoffstadt-herten.de\/en\/wp-json\/wp\/v2\/pages\/21\/revisions"}],"predecessor-version":[{"id":22,"href":"https:\/\/wasserstoffstadt-herten.de\/en\/wp-json\/wp\/v2\/pages\/21\/revisions\/22"}],"wp:attachment":[{"href":"https:\/\/wasserstoffstadt-herten.de\/en\/wp-json\/wp\/v2\/media?parent=21"}],"curies":[{"name":"wp","href":"https:\/\/api.w.org\/{rel}","templated":true}]}}