{"id":23,"date":"2017-04-05T12:05:38","date_gmt":"2017-04-05T10:05:38","guid":{"rendered":"https:\/\/wasserstoffstadt-herten.de\/en\/?page_id=23"},"modified":"2017-04-05T12:05:38","modified_gmt":"2017-04-05T10:05:38","slug":"englisch-vermietung","status":"publish","type":"page","link":"https:\/\/wasserstoffstadt-herten.de\/en\/englisch-leistungen\/englisch-vermietung\/","title":{"rendered":"ENGLISCH Vermietung"},"content":{"rendered":"<p>Ben\u00f6tigen Sie einen Raum f\u00fcr\u00a0Ihren Vortrag, Ihre Besprechung\u00a0oder ein Seminar? Dank variabler Trennw\u00e4nde l\u00e4sst sich der Seminar-und Besprechungsraum im AnwenderZentrum Herten jeder Gruppengr\u00f6\u00dfe anpassen: Vom internen Meeting \u00fcber Workshops bis hin zum Empfang\u00a0&#8211; wir geben jedem Anlass den richtigen Raum.<\/p>\n<p><img loading=\"lazy\" decoding=\"async\" class=\"alignnone wp-image-295\" src=\"https:\/\/wasserstoffstadt-herten.de\/wp-content\/uploads\/2017\/02\/Bild1-300x200.jpg\" alt=\"Bild1\" width=\"425\" height=\"283\" \/><\/p>\n<h3>Besprechungsraum komplett<\/h3>\n<ul>\n<li>f\u00fcr bis zu 30 Personen bei Tischbestuhlung<\/li>\n<li>f\u00fcr bis zu 40 Personen bei Reihenbestuhlung<\/li>\n<li>2 TFT Gro\u00dfbildschirme<\/li>\n<li>Beamer und Leinwand<\/li>\n<li>Flipchart<\/li>\n<li>Pinnw\u00e4nde<\/li>\n<\/ul>\n<p><img loading=\"lazy\" decoding=\"async\" class=\"alignnone wp-image-296\" src=\"https:\/\/wasserstoffstadt-herten.de\/wp-content\/uploads\/2017\/02\/Bild2-1-300x200.jpg\" alt=\"Bild2\" width=\"426\" height=\"284\" \/><\/p>\n<h3>Besprechungsraum mittel<\/h3>\n<ul type=\"disc\">\n<li>f\u00fcr bis zu 18 Personen bei Tischbestuhlung<\/li>\n<li>1 TFT Gro\u00dfbildschirm<\/li>\n<li>Beamer und Leinwand<\/li>\n<li>Flipchart<\/li>\n<li>Pinnw\u00e4nde<\/li>\n<\/ul>\n<p><img loading=\"lazy\" decoding=\"async\" class=\"alignnone wp-image-297\" src=\"https:\/\/wasserstoffstadt-herten.de\/wp-content\/uploads\/2017\/02\/Bild3-300x200.jpg\" alt=\"Bild3\" width=\"431\" height=\"287\" \/><\/p>\n<h3>Besprechungsraum klein<\/h3>\n<ul type=\"disc\">\n<li>f\u00fcr bis zu 12 Personen bei Tischbestuhlung<b><\/b><\/li>\n<li>1 TFT Gro\u00dfbildschirm<b><\/b><\/li>\n<li>Flipchart<b><\/b><\/li>\n<li>Pinnw\u00e4nde<\/li>\n<\/ul>\n<p>Gerne unterbreiten wir Ihnen ein individuelles Angebot\u00a0&#8211; auch mit Bewirtung!<br \/>\nKontakt: Heidi Wiecha, Tel. 0 23 66 \/ 188 971, E-Mail: h.wiecha(at)herten.de<\/p>\n","protected":false},"excerpt":{"rendered":"<p>Ben\u00f6tigen Sie einen Raum f\u00fcr\u00a0Ihren Vortrag, Ihre Besprechung\u00a0oder ein Seminar? Dank variabler Trennw\u00e4nde l\u00e4sst sich der Seminar-und Besprechungsraum im AnwenderZentrum &hellip; <a href=\"https:\/\/wasserstoffstadt-herten.de\/en\/englisch-leistungen\/englisch-vermietung\/\" class=\"more-link\">Continue reading <span class=\"screen-reader-text\">ENGLISCH Vermietung<\/span><\/a><\/p>\n","protected":false},"author":1,"featured_media":0,"parent":21,"menu_order":0,"comment_status":"closed","ping_status":"closed","template":"","meta":{"footnotes":""},"_links":{"self":[{"href":"https:\/\/wasserstoffstadt-herten.de\/en\/wp-json\/wp\/v2\/pages\/23"}],"collection":[{"href":"https:\/\/wasserstoffstadt-herten.de\/en\/wp-json\/wp\/v2\/pages"}],"about":[{"href":"https:\/\/wasserstoffstadt-herten.de\/en\/wp-json\/wp\/v2\/types\/page"}],"author":[{"embeddable":true,"href":"https:\/\/wasserstoffstadt-herten.de\/en\/wp-json\/wp\/v2\/users\/1"}],"replies":[{"embeddable":true,"href":"https:\/\/wasserstoffstadt-herten.de\/en\/wp-json\/wp\/v2\/comments?post=23"}],"version-history":[{"count":1,"href":"https:\/\/wasserstoffstadt-herten.de\/en\/wp-json\/wp\/v2\/pages\/23\/revisions"}],"predecessor-version":[{"id":24,"href":"https:\/\/wasserstoffstadt-herten.de\/en\/wp-json\/wp\/v2\/pages\/23\/revisions\/24"}],"up":[{"embeddable":true,"href":"https:\/\/wasserstoffstadt-herten.de\/en\/wp-json\/wp\/v2\/pages\/21"}],"wp:attachment":[{"href":"https:\/\/wasserstoffstadt-herten.de\/en\/wp-json\/wp\/v2\/media?parent=23"}],"curies":[{"name":"wp","href":"https:\/\/api.w.org\/{rel}","templated":true}]}}