{"id":32,"date":"2017-04-05T13:31:24","date_gmt":"2017-04-05T11:31:24","guid":{"rendered":"https:\/\/wasserstoffstadt-herten.de\/en\/?page_id=32"},"modified":"2017-04-05T13:35:20","modified_gmt":"2017-04-05T11:35:20","slug":"englisch-anwenderzentrum","status":"publish","type":"page","link":"https:\/\/wasserstoffstadt-herten.de\/en\/englisch-standort\/englisch-anwenderzentrum\/","title":{"rendered":"ENGLISCH Anwenderzentrum"},"content":{"rendered":"<h2>Das Anwenderzentrum: Raum f\u00fcr Innovationen<\/h2>\n<p class=\"align-left\">Im Oktober 2009 wurde in Herten das erste kommunale Anwenderzentrum f\u00fcr die Wasserstoff- und Brennstoffzellentechnologie in Deutschland er\u00f6ffnet. Es bietet im bisherigen ersten Bauabschnitt 1.800\u00a0m\u00b2 B\u00fcro- und 1.200 m\u00b2 Technikraumfl\u00e4chen, die speziell auf die Bed\u00fcrfnisse und Anspr\u00fcche\u00a0der Branche f\u00fcr Zukunftsenergien ausgerichtet sind. Ziel war und ist es, interessierten Unternehmen der Branche direkte Angebote und ideale Rahmenbedingungen f\u00fcr Ansiedlungen anbieten zu k\u00f6nnen. Dazu z\u00e4hlen zahlreiche <a class=\"internal-link\" href=\"http:\/\/www.wasserstoffstadt-herten.de\/Standort.129.0.html\">Standort<\/a>vorteile, eine bedarfsgerechte <a class=\"internal-link\" href=\"http:\/\/www.wasserstoffstadt-herten.de\/Infrastruktur.128.0.html\">Infrastruktur<\/a> sowie das n\u00f6tige Know-how und <a class=\"internal-link\" href=\"http:\/\/www.wasserstoffstadt-herten.de\/Service.7.0.html\">Beratungsm\u00f6glichkeiten<\/a> vor Ort.<\/p>\n<h2 class=\"align-left\">\u00a0<img loading=\"lazy\" decoding=\"async\" class=\"size-medium wp-image-265 alignleft\" src=\"https:\/\/wasserstoffstadt-herten.de\/wp-content\/uploads\/2017\/02\/Gebaeude-300x201.jpg\" alt=\"Gebaeude\" width=\"300\" height=\"201\" \/><\/h2>\n<h2 class=\"align-left\">Erzeugung von gr\u00fcnem Wasserstoff<\/h2>\n<p>Die direkte <a href=\"http:\/\/www.wasserstoffstadt-herten.de\/H2-Produktion.132.0.html\">Erzeugung<\/a> und Bereitstellung regenerativen Wasserstoffs durch <a href=\"http:\/\/www.wasserstoffstadt-herten.de\/Windstromelektrolyse.133.0.html\">Windstromelektrolyse<\/a> vor Ort ist ein weiterer zentraler Bestandteil und das Alleinstellungsmerkmal des Anwenderzentrums.<\/p>\n<p>Die bisherige Entwicklung belegt den hohen Bedarf an einer solchen spezifischen Infrastruktur. Zahlreiche nationale und internationale <a href=\"http:\/\/www.wasserstoffstadt-herten.de\/Firmen.103.0.html\">Unternehmen<\/a> haben sich angesiedelt und bilden ein ideales Portfolio f\u00fcr die weiteren Entwicklungen.<\/p>\n<p>Neben den unmittelbaren Erweiterungsfl\u00e4chen des Anwenderzentrums, stehen weitere Fl\u00e4chen f\u00fcr Ansiedlungen zur Verf\u00fcgung.<br \/>\n<img loading=\"lazy\" decoding=\"async\" class=\"size-full wp-image-266 alignleft\" src=\"https:\/\/wasserstoffstadt-herten.de\/wp-content\/uploads\/2017\/02\/EU-2.jpg\" alt=\"EU\" width=\"295\" height=\"66\" \/><\/p>\n<p><img loading=\"lazy\" decoding=\"async\" class=\"size-medium wp-image-267 alignleft\" src=\"https:\/\/wasserstoffstadt-herten.de\/wp-content\/uploads\/2017\/02\/Ministerium-1.jpg\" alt=\"Ministerium\" width=\"295\" height=\"56\" \/><\/p>\n","protected":false},"excerpt":{"rendered":"<p>Das Anwenderzentrum: Raum f\u00fcr Innovationen Im Oktober 2009 wurde in Herten das erste kommunale Anwenderzentrum f\u00fcr die Wasserstoff- und Brennstoffzellentechnologie &hellip; <a href=\"https:\/\/wasserstoffstadt-herten.de\/en\/englisch-standort\/englisch-anwenderzentrum\/\" class=\"more-link\">Continue reading <span class=\"screen-reader-text\">ENGLISCH Anwenderzentrum<\/span><\/a><\/p>\n","protected":false},"author":1,"featured_media":0,"parent":30,"menu_order":0,"comment_status":"closed","ping_status":"closed","template":"","meta":{"footnotes":""},"_links":{"self":[{"href":"https:\/\/wasserstoffstadt-herten.de\/en\/wp-json\/wp\/v2\/pages\/32"}],"collection":[{"href":"https:\/\/wasserstoffstadt-herten.de\/en\/wp-json\/wp\/v2\/pages"}],"about":[{"href":"https:\/\/wasserstoffstadt-herten.de\/en\/wp-json\/wp\/v2\/types\/page"}],"author":[{"embeddable":true,"href":"https:\/\/wasserstoffstadt-herten.de\/en\/wp-json\/wp\/v2\/users\/1"}],"replies":[{"embeddable":true,"href":"https:\/\/wasserstoffstadt-herten.de\/en\/wp-json\/wp\/v2\/comments?post=32"}],"version-history":[{"count":1,"href":"https:\/\/wasserstoffstadt-herten.de\/en\/wp-json\/wp\/v2\/pages\/32\/revisions"}],"predecessor-version":[{"id":33,"href":"https:\/\/wasserstoffstadt-herten.de\/en\/wp-json\/wp\/v2\/pages\/32\/revisions\/33"}],"up":[{"embeddable":true,"href":"https:\/\/wasserstoffstadt-herten.de\/en\/wp-json\/wp\/v2\/pages\/30"}],"wp:attachment":[{"href":"https:\/\/wasserstoffstadt-herten.de\/en\/wp-json\/wp\/v2\/media?parent=32"}],"curies":[{"name":"wp","href":"https:\/\/api.w.org\/{rel}","templated":true}]}}