{"id":35,"date":"2017-04-05T13:36:08","date_gmt":"2017-04-05T11:36:08","guid":{"rendered":"https:\/\/wasserstoffstadt-herten.de\/en\/?page_id=35"},"modified":"2017-04-05T13:36:08","modified_gmt":"2017-04-05T11:36:08","slug":"englisch-lage","status":"publish","type":"page","link":"https:\/\/wasserstoffstadt-herten.de\/en\/englisch-standort\/englisch-lage\/","title":{"rendered":"ENGLISCH Lage"},"content":{"rendered":"<h2>Im Zentrum Europas<\/h2>\n<p class=\"bodytext\">Die branchenspezifischen Bedingungen der Wasserstoffstadt Herten sind ideal. Wir wissen aber, dass dies im globalen Wettbewerb allein nicht mehr ausreichend ist. Erreichbarkeit, vielf\u00e4ltige infrastrukturelle Anbindungen, Zentralit\u00e4t und weitere Stanortqualit\u00e4ten sind dar\u00fcber hinaus ausschlaggebende Erfolgsfaktoren.<br \/>\nIm Norden der Metropolregion Ruhr, der Energieregion Nr.1 inmitten Europas, liegt das 52 Hektar gro\u00dfe Gewerbegebiet Ewald unmittelbar an der Autobahn A2 auf der Achse Antwerpen\u00a0&#8211; Metropole Ruhr\u00a0&#8211; Berlin. Durch die N\u00e4he zu den Flugh\u00e4fen Dortmund und D\u00fcsseldorf, die direkte Anbindung an die Autobahnen A2, A42 und A43, sowie den unmittelbaren Anschl\u00fcssen an den G\u00fcter- und Binnenschifffahrtsverkehr, besitzt das Gewerbegebiet eine infrastrukturell optimale Anbindung.<\/p>\n<h2>\u00a0<img loading=\"lazy\" decoding=\"async\" class=\"size-medium wp-image-278 alignleft\" src=\"https:\/\/wasserstoffstadt-herten.de\/wp-content\/uploads\/2017\/02\/Karte-300x255.jpg\" alt=\"Karte\" width=\"300\" height=\"255\" \/><\/h2>\n<h2><\/h2>\n<h2><\/h2>\n<h2><\/h2>\n<h2><\/h2>\n<h2>Zukunftsstandort mit hoher Qualit\u00e4t<\/h2>\n<p class=\"bodytext\">Die Landmarken der Halde Hoheward weisen weit sichtbar auf den Zukunftsstandort hin. Die angrenzende Naturlandschaft sowie die auf dem Gel\u00e4nde integrierten und restaurierten Industriegeb\u00e4ude mit ihren zahlreichen kulturellen Angeboten, sind weit \u00fcber die Stadtgrenzen hinaus bekannt und runden das Gesamtbild ab. Insgesamt verschafft dies\u00a0dem Gewerbegebiet eine st\u00e4dtebaulich einzigartige Qualit\u00e4t.<\/p>\n<h1>\u00a0<img loading=\"lazy\" decoding=\"async\" class=\"size-medium wp-image-280 alignleft\" src=\"https:\/\/wasserstoffstadt-herten.de\/wp-content\/uploads\/2017\/02\/Bild2-300x198.jpg\" alt=\"Bild2\" width=\"300\" height=\"198\" \/><\/h1>\n<h2><\/h2>\n<h2><\/h2>\n<h2><\/h2>\n<h2><\/h2>\n<h4>Wegbeschreibung<\/h4>\n<p><a href=\"https:\/\/wasserstoffstadt-herten.de\/wp-content\/uploads\/2017\/02\/Anfahrtskizze_Anwenderzentrum_RevuePalast.pdf\">Anfahrtskizze_Anwenderzentrum<\/a><\/p>\n<p><img loading=\"lazy\" decoding=\"async\" class=\"alignnone size-full wp-image-266\" src=\"https:\/\/wasserstoffstadt-herten.de\/wp-content\/uploads\/2017\/02\/EU-2.jpg\" alt=\"EU\" width=\"295\" height=\"66\" \/><\/p>\n<p><img loading=\"lazy\" decoding=\"async\" class=\"alignnone size-full wp-image-267\" src=\"https:\/\/wasserstoffstadt-herten.de\/wp-content\/uploads\/2017\/02\/Ministerium-1.jpg\" alt=\"Ministerium\" width=\"295\" height=\"56\" \/><\/p>\n","protected":false},"excerpt":{"rendered":"<p>Im Zentrum Europas Die branchenspezifischen Bedingungen der Wasserstoffstadt Herten sind ideal. Wir wissen aber, dass dies im globalen Wettbewerb allein &hellip; <a href=\"https:\/\/wasserstoffstadt-herten.de\/en\/englisch-standort\/englisch-lage\/\" class=\"more-link\">Continue reading <span class=\"screen-reader-text\">ENGLISCH Lage<\/span><\/a><\/p>\n","protected":false},"author":1,"featured_media":0,"parent":30,"menu_order":0,"comment_status":"closed","ping_status":"closed","template":"","meta":{"footnotes":""},"_links":{"self":[{"href":"https:\/\/wasserstoffstadt-herten.de\/en\/wp-json\/wp\/v2\/pages\/35"}],"collection":[{"href":"https:\/\/wasserstoffstadt-herten.de\/en\/wp-json\/wp\/v2\/pages"}],"about":[{"href":"https:\/\/wasserstoffstadt-herten.de\/en\/wp-json\/wp\/v2\/types\/page"}],"author":[{"embeddable":true,"href":"https:\/\/wasserstoffstadt-herten.de\/en\/wp-json\/wp\/v2\/users\/1"}],"replies":[{"embeddable":true,"href":"https:\/\/wasserstoffstadt-herten.de\/en\/wp-json\/wp\/v2\/comments?post=35"}],"version-history":[{"count":1,"href":"https:\/\/wasserstoffstadt-herten.de\/en\/wp-json\/wp\/v2\/pages\/35\/revisions"}],"predecessor-version":[{"id":36,"href":"https:\/\/wasserstoffstadt-herten.de\/en\/wp-json\/wp\/v2\/pages\/35\/revisions\/36"}],"up":[{"embeddable":true,"href":"https:\/\/wasserstoffstadt-herten.de\/en\/wp-json\/wp\/v2\/pages\/30"}],"wp:attachment":[{"href":"https:\/\/wasserstoffstadt-herten.de\/en\/wp-json\/wp\/v2\/media?parent=35"}],"curies":[{"name":"wp","href":"https:\/\/api.w.org\/{rel}","templated":true}]}}