{"id":37,"date":"2017-04-05T13:37:04","date_gmt":"2017-04-05T11:37:04","guid":{"rendered":"https:\/\/wasserstoffstadt-herten.de\/en\/?page_id=37"},"modified":"2017-04-05T13:37:04","modified_gmt":"2017-04-05T11:37:04","slug":"englisch-technologie","status":"publish","type":"page","link":"https:\/\/wasserstoffstadt-herten.de\/en\/englisch-technologie\/","title":{"rendered":"ENGLISCH Technologie"},"content":{"rendered":"<h1>Gr\u00fcner Wasserstoff<\/h1>\n<p class=\"bodytext\"><img loading=\"lazy\" decoding=\"async\" class=\"alignnone\" src=\"http:\/\/www.wasserstoffstadt-herten.de\/typo3temp\/pics\/04cf557dd7.jpg\" alt=\"\" width=\"201\" height=\"300\" \/><\/p>\n<p class=\"bodytext\">Die Pro\u00adduktion von gr\u00fcn\u00adem Was\u00adser\u00adstoff, klima\u00adfreund\u00adlich und CO2 neutral pro\u00adduzierter Wasserstoff aus regenativen Energien, zeichnet unseren Standort aus. Die Windstromelektrolyse ist die zentrale S\u00e4ule der gr\u00fcnen Wasserstoffproduktion auf Ewald. Dieses Verfahren gew\u00e4hrleistet eine sichere und innovative Wasserstoffversorgung vor Ort. Nur wenn der Wasserstoff CO2-neutral produziert wird, k\u00f6nnen Wasserstoffanwendungen wie Brennstoffzellen ihre klimapolitischen Vorteile gegen\u00fcber herk\u00f6mmlichen Verfahren ausspielen.<\/p>\n<p class=\"bodytext\">Zur Umsetzung und Weiterentwicklung dieses ambitionierten Projektes, gibt es direkte Kooperationen mit Forschungseinrichtungen sowie\u00a0nationalen und internationalen Unternehmen. Dies gew\u00e4hrleistet einen st\u00e4ndigen Wissensaustausch, technologischen Fortschritt und insbesondere eine Einbeziehung und Spezialisierung weiterer Branchen, die diese Technologien langfristig f\u00fcr sich nutzen k\u00f6nnen und wollen.<br \/>\nDas Interesse von \u00a0Unternehmen und Verb\u00e4nden an dieser Technologie zeigt das enorme Innovationspotenzial des Verfahrens.<\/p>\n<div id=\"c472\" class=\"csc-default\">\n<div class=\"csc-textpic csc-textpic-center csc-textpic-below\">\n<div class=\"csc-textpic-imagewrap\">\n<p><img loading=\"lazy\" decoding=\"async\" src=\"http:\/\/www.wasserstoffstadt-herten.de\/typo3temp\/pics\/56844c9032.jpg\" alt=\"\" width=\"295\" height=\"66\" \/><\/p>\n<p><img loading=\"lazy\" decoding=\"async\" src=\"http:\/\/www.wasserstoffstadt-herten.de\/typo3temp\/pics\/af6b5d7c4e.jpg\" alt=\"\" width=\"295\" height=\"56\" \/><\/p>\n<\/div>\n<\/div>\n<\/div>\n<p class=\"bodytext\">\n","protected":false},"excerpt":{"rendered":"<p>Gr\u00fcner Wasserstoff Die Pro\u00adduktion von gr\u00fcn\u00adem Was\u00adser\u00adstoff, klima\u00adfreund\u00adlich und CO2 neutral pro\u00adduzierter Wasserstoff aus regenativen Energien, zeichnet unseren Standort aus. &hellip; <a href=\"https:\/\/wasserstoffstadt-herten.de\/en\/englisch-technologie\/\" class=\"more-link\">Continue reading <span class=\"screen-reader-text\">ENGLISCH Technologie<\/span><\/a><\/p>\n","protected":false},"author":1,"featured_media":0,"parent":0,"menu_order":0,"comment_status":"closed","ping_status":"closed","template":"","meta":{"footnotes":""},"_links":{"self":[{"href":"https:\/\/wasserstoffstadt-herten.de\/en\/wp-json\/wp\/v2\/pages\/37"}],"collection":[{"href":"https:\/\/wasserstoffstadt-herten.de\/en\/wp-json\/wp\/v2\/pages"}],"about":[{"href":"https:\/\/wasserstoffstadt-herten.de\/en\/wp-json\/wp\/v2\/types\/page"}],"author":[{"embeddable":true,"href":"https:\/\/wasserstoffstadt-herten.de\/en\/wp-json\/wp\/v2\/users\/1"}],"replies":[{"embeddable":true,"href":"https:\/\/wasserstoffstadt-herten.de\/en\/wp-json\/wp\/v2\/comments?post=37"}],"version-history":[{"count":1,"href":"https:\/\/wasserstoffstadt-herten.de\/en\/wp-json\/wp\/v2\/pages\/37\/revisions"}],"predecessor-version":[{"id":38,"href":"https:\/\/wasserstoffstadt-herten.de\/en\/wp-json\/wp\/v2\/pages\/37\/revisions\/38"}],"wp:attachment":[{"href":"https:\/\/wasserstoffstadt-herten.de\/en\/wp-json\/wp\/v2\/media?parent=37"}],"curies":[{"name":"wp","href":"https:\/\/api.w.org\/{rel}","templated":true}]}}