{"id":39,"date":"2017-04-05T13:38:20","date_gmt":"2017-04-05T11:38:20","guid":{"rendered":"https:\/\/wasserstoffstadt-herten.de\/en\/?page_id=39"},"modified":"2017-04-05T13:38:20","modified_gmt":"2017-04-05T11:38:20","slug":"englisch-windstromelektrolyse","status":"publish","type":"page","link":"https:\/\/wasserstoffstadt-herten.de\/en\/englisch-technologie\/englisch-windstromelektrolyse\/","title":{"rendered":"ENGLISCH Windstromelektrolyse"},"content":{"rendered":"<div id=\"c395\" class=\"csc-default\">\n<div class=\"csc-textpic-text\">\n<h1>H2 aus Windstrom<\/h1>\n<p class=\"bodytext\">Die Kombination der vorhandenen Windkraftanlage mit einem Energiekomplement\u00e4rsystem auf Wasserstoffbasis stellt gegenw\u00e4rtig die zentrale S\u00e4ule der Wasserstofferzeugung auf Ewald dar. Hierbei wird ein Teil des regenerativ erzeugten Stromes in Form von elektrolytisch erzeugtem Wasserstoff gespeichert. Bei Bedarf kann der Wasserstoff mittels eines Brennstoffzellen-Verbrennungsmotor-Hybridsystems wieder in Strom umgewandelt werden.<\/p>\n<\/div>\n<\/div>\n<div id=\"c394\" class=\"csc-default\">\n<div class=\"csc-textpic csc-textpic-center csc-textpic-above\">\n<div class=\"csc-textpic-imagewrap csc-textpic-single-image\"><img loading=\"lazy\" decoding=\"async\" class=\"alignnone\" src=\"http:\/\/www.wasserstoffstadt-herten.de\/typo3temp\/pics\/7a59d11f53.jpg\" alt=\"\" width=\"600\" height=\"414\" \/><\/div>\n<div class=\"csc-textpic-text\">\n<p class=\"bodytext\">Der Vorteil dieses Systems ist klar: Mit dem gr\u00fcnen Wasserstoff wird die witterungsabh\u00e4ngige und starken Schwankungen unterworfene Windenergie gespeichert.<br \/>\nDas Anwenderzentrum H2Herten verf\u00fcgt mit der Windstromelektrolyse zur eigenen dezentralen Energieversorgung \u00fcber ein Alleinstellungsmerkmal und dient zugleich als Forschungs-, Anwendungs- und Demonstrationsplattform f\u00fcr eine zuk\u00fcnftige dezentrale Energieversorgung.<\/p>\n<\/div>\n<\/div>\n<\/div>\n","protected":false},"excerpt":{"rendered":"<p>H2 aus Windstrom Die Kombination der vorhandenen Windkraftanlage mit einem Energiekomplement\u00e4rsystem auf Wasserstoffbasis stellt gegenw\u00e4rtig die zentrale S\u00e4ule der Wasserstofferzeugung &hellip; <a href=\"https:\/\/wasserstoffstadt-herten.de\/en\/englisch-technologie\/englisch-windstromelektrolyse\/\" class=\"more-link\">Continue reading <span class=\"screen-reader-text\">ENGLISCH Windstromelektrolyse<\/span><\/a><\/p>\n","protected":false},"author":1,"featured_media":0,"parent":37,"menu_order":0,"comment_status":"closed","ping_status":"closed","template":"","meta":{"footnotes":""},"_links":{"self":[{"href":"https:\/\/wasserstoffstadt-herten.de\/en\/wp-json\/wp\/v2\/pages\/39"}],"collection":[{"href":"https:\/\/wasserstoffstadt-herten.de\/en\/wp-json\/wp\/v2\/pages"}],"about":[{"href":"https:\/\/wasserstoffstadt-herten.de\/en\/wp-json\/wp\/v2\/types\/page"}],"author":[{"embeddable":true,"href":"https:\/\/wasserstoffstadt-herten.de\/en\/wp-json\/wp\/v2\/users\/1"}],"replies":[{"embeddable":true,"href":"https:\/\/wasserstoffstadt-herten.de\/en\/wp-json\/wp\/v2\/comments?post=39"}],"version-history":[{"count":1,"href":"https:\/\/wasserstoffstadt-herten.de\/en\/wp-json\/wp\/v2\/pages\/39\/revisions"}],"predecessor-version":[{"id":40,"href":"https:\/\/wasserstoffstadt-herten.de\/en\/wp-json\/wp\/v2\/pages\/39\/revisions\/40"}],"up":[{"embeddable":true,"href":"https:\/\/wasserstoffstadt-herten.de\/en\/wp-json\/wp\/v2\/pages\/37"}],"wp:attachment":[{"href":"https:\/\/wasserstoffstadt-herten.de\/en\/wp-json\/wp\/v2\/media?parent=39"}],"curies":[{"name":"wp","href":"https:\/\/api.w.org\/{rel}","templated":true}]}}