{"id":41,"date":"2017-04-05T13:39:59","date_gmt":"2017-04-05T11:39:59","guid":{"rendered":"https:\/\/wasserstoffstadt-herten.de\/en\/?page_id=41"},"modified":"2017-04-05T13:39:59","modified_gmt":"2017-04-05T11:39:59","slug":"englisch-der-blaue-turm","status":"publish","type":"page","link":"https:\/\/wasserstoffstadt-herten.de\/en\/englisch-technologie\/englisch-der-blaue-turm\/","title":{"rendered":"ENGLISCH Der blaue Turm"},"content":{"rendered":"<h2>150 m3 H2 in der Stunde<\/h2>\n<p class=\"bodytext\">Ziel des Blauen Turms am Zukunftsstandort Ewald ist die Erzeugung eines wasserstoffreichen Produktgases aus Biomasse.<\/p>\n<p class=\"bodytext\">Mittels der gestuften Reformierung soll im Blauen Turm gr\u00fcner Wasserstoff hergestellt werden. Das Verfahren: Bei Temperaturen von rund 600 Grad Celsius wird Gr\u00fcnschnitt (Stra\u00dfenbegleitgr\u00fcn) thermisch zersetzt und zu 80 Prozent in\u00a0Gas umgewandelt.<\/p>\n<p class=\"bodytext\"><img loading=\"lazy\" decoding=\"async\" class=\"alignnone wp-image-251\" src=\"https:\/\/wasserstoffstadt-herten.de\/wp-content\/uploads\/2017\/02\/7702851ce8-244x300.jpg\" alt=\"7702851ce8\" width=\"288\" height=\"354\" \/><\/p>\n<p class=\"bodytext\">Die \u00fcbrig bleibenden Feststoffe werden in Koks transformiert, der wiederum zur Erzeugung der ben\u00f6tigten Prozessw\u00e4rme verwendet werden kann. Das entstandene Gas wird bei ca. 950 Grad Celsius mit Wasserdampf zu einem sehr wasserstoffreichen &#8220;Blauen Gas&#8221; (ca. 50%-Wasserstoffanteil) veredelt. Dieses wasserstoffreiche Gas wird zu reinem Wasserstoff aufbereitet oder in Gasmotoren zur Stromerzeugung verwendet.<\/p>\n<p class=\"bodytext\"><img loading=\"lazy\" decoding=\"async\" class=\"alignnone size-medium wp-image-124\" src=\"https:\/\/wasserstoffstadt-herten.de\/wp-content\/uploads\/2016\/09\/BlauerTurm2-156x300.jpg\" alt=\"BlauerTurm2\" width=\"156\" height=\"300\" \/><\/p>\n<p class=\"bodytext\">Die Anlage wird mit einen thermischen Input von 13 Megawatt\u00a0150 Kubikmeter Wasserstoff pro Stunde und 37,500 MWh Strom\/a liefern. Dies entspricht dem Verbrauch von 12.000 Haushalten. Das Projekt setzt somit sowohl technisch als auch \u00f6kologisch neue Ma\u00dfst\u00e4be.<\/p>\n<p class=\"bodytext\"><img loading=\"lazy\" decoding=\"async\" class=\"alignnone size-full wp-image-249\" src=\"https:\/\/wasserstoffstadt-herten.de\/wp-content\/uploads\/2017\/02\/EU.jpg\" alt=\"EU\" width=\"295\" height=\"66\" \/><\/p>\n<p class=\"bodytext\"><img loading=\"lazy\" decoding=\"async\" class=\"alignnone size-full wp-image-250\" src=\"https:\/\/wasserstoffstadt-herten.de\/wp-content\/uploads\/2017\/02\/Ministerium.jpg\" alt=\"Ministerium\" width=\"295\" height=\"56\" \/><\/p>\n","protected":false},"excerpt":{"rendered":"<p>150 m3 H2 in der Stunde Ziel des Blauen Turms am Zukunftsstandort Ewald ist die Erzeugung eines wasserstoffreichen Produktgases aus &hellip; <a href=\"https:\/\/wasserstoffstadt-herten.de\/en\/englisch-technologie\/englisch-der-blaue-turm\/\" class=\"more-link\">Continue reading <span class=\"screen-reader-text\">ENGLISCH Der blaue Turm<\/span><\/a><\/p>\n","protected":false},"author":1,"featured_media":0,"parent":37,"menu_order":0,"comment_status":"closed","ping_status":"closed","template":"","meta":{"footnotes":""},"_links":{"self":[{"href":"https:\/\/wasserstoffstadt-herten.de\/en\/wp-json\/wp\/v2\/pages\/41"}],"collection":[{"href":"https:\/\/wasserstoffstadt-herten.de\/en\/wp-json\/wp\/v2\/pages"}],"about":[{"href":"https:\/\/wasserstoffstadt-herten.de\/en\/wp-json\/wp\/v2\/types\/page"}],"author":[{"embeddable":true,"href":"https:\/\/wasserstoffstadt-herten.de\/en\/wp-json\/wp\/v2\/users\/1"}],"replies":[{"embeddable":true,"href":"https:\/\/wasserstoffstadt-herten.de\/en\/wp-json\/wp\/v2\/comments?post=41"}],"version-history":[{"count":1,"href":"https:\/\/wasserstoffstadt-herten.de\/en\/wp-json\/wp\/v2\/pages\/41\/revisions"}],"predecessor-version":[{"id":42,"href":"https:\/\/wasserstoffstadt-herten.de\/en\/wp-json\/wp\/v2\/pages\/41\/revisions\/42"}],"up":[{"embeddable":true,"href":"https:\/\/wasserstoffstadt-herten.de\/en\/wp-json\/wp\/v2\/pages\/37"}],"wp:attachment":[{"href":"https:\/\/wasserstoffstadt-herten.de\/en\/wp-json\/wp\/v2\/media?parent=41"}],"curies":[{"name":"wp","href":"https:\/\/api.w.org\/{rel}","templated":true}]}}