{"id":43,"date":"2017-04-05T13:41:40","date_gmt":"2017-04-05T11:41:40","guid":{"rendered":"https:\/\/wasserstoffstadt-herten.de\/en\/?page_id=43"},"modified":"2017-04-05T13:41:40","modified_gmt":"2017-04-05T11:41:40","slug":"englisch-anwendungen","status":"publish","type":"page","link":"https:\/\/wasserstoffstadt-herten.de\/en\/englisch-technologie\/englisch-anwendungen\/","title":{"rendered":"ENGLISCH Anwendungen"},"content":{"rendered":"<p class=\"bodytext\">\u00dcber die Zukunft reden ist das eine. Zukunft erleben, etwas ganz anderes. Damit sich eine neue Technologie auf dem Markt durchsetzen und behaupten kann, bedarf es anwendungsf\u00e4higer Produkte, durch die die Verbraucher die Technologie und ihre Vorteile in der Praxis unmittelbar erleben k\u00f6nnen.<\/p>\n<p class=\"bodytext\">Die Wasserstoff- und Brennstoffzellentechnologie wird sowohl in station\u00e4ren, als auch in mobilen Bereichen erprobt und bereits heute aktiv eingesetzt.<\/p>\n<p class=\"bodytext\"><img loading=\"lazy\" decoding=\"async\" class=\"alignnone size-full wp-image-360\" src=\"https:\/\/wasserstoffstadt-herten.de\/wp-content\/uploads\/2017\/02\/7edf153afd.jpg\" alt=\"7edf153afd\" width=\"200\" height=\"192\" \/><\/p>\n<p class=\"bodytext\">So kommen Brennstoffzellensysteme in vielf\u00e4ltigen station\u00e4ren Einsatzgebieten zum Zuge. Die gesamte Breite der ortsfesten Anwendungen umschlie\u00dft die Heiztechnik vom Eigenheim bis zur Siedlungsversorgung in Kraft-W\u00e4rme-Kopplungsanlagen, Notstromversorgungseinrichtungen in Luft- und Seefahrt, Computerzentren und auch Krankenh\u00e4usern. Nat\u00fcrlich werden Brennstoffzellensysteme auch in Projekten zur Speicherung und Verstromung von regenerativer Energie sowie in autarken Energieversorgungskonzepten integriert. Wasserstoff wird neben der Energier\u00fcckgewinnung in Brennstoffzellen auch in Gasmotoren-Blockheizkraftwerken als Brennstoff eingesetzt.<br \/>\nZuk\u00fcnftig wird Wasserstoff in Kombination mit Brennstoffzellenfahrzeugen f\u00fcr die Mobilit\u00e4t, sowohl im \u00f6ffentlichen Nahverkehr als auch im Individualverkehr, eine besondere Rolle einnehmen.<\/p>\n<p class=\"bodytext\">Im Rahmen der <a class=\"internal-link\" href=\"http:\/\/www.wasserstoffstadt-herten.de\/Windstromelektrolyse.133.0.html\">Windstromelektrolyse<\/a> gewinnt besonders\u00a0die Speicherung\u00a0und Stromr\u00fcckgewinnung aus Wasserstoff an Bedeutung.<\/p>\n<h3>Mobile Anwendungen<\/h3>\n<p>Testprojekte und Ideen f\u00fcr zuk\u00fcnftige Antriebssysteme auf Brennstoffzellenbasis im mobilen Sektor sind vielf\u00e4ltig. Sie reichen vom Lastenfahrrad \u00fcber die sog. Utility Vehicle\u00a0bis zum Brennstoffzellenbus.<\/p>\n<p><img loading=\"lazy\" decoding=\"async\" class=\"alignnone size-medium wp-image-242\" src=\"https:\/\/wasserstoffstadt-herten.de\/wp-content\/uploads\/2017\/02\/mobile_anwendungen1-300x200.jpg\" alt=\"mobile_anwendungen1\" width=\"300\" height=\"200\" \/><\/p>\n<p class=\"bodytext\">In Herten k\u00f6nnen sie sich einen Eindruck \u00fcber die mobile Zukunft und ihre Vorteile machen. So setzt die Stadt im Rahmen des HYCHAIN MINI-TRANS Projektes in Kooperation mit den Vestischen Nahverkehrsbetrieben seit 2009 bereits wasserstoffbetriebene Busse im regul\u00e4ren Betrieb ein.<br \/>\nWeiter werden bei den Hertener Stadtwerken, als auch bei\u00a0dem zentralen Bau- und Betriebshof Brennstoffzellenfahrzeuge im t\u00e4glichen Betrieb eingesetzt.<\/p>\n<p class=\"bodytext\"><img loading=\"lazy\" decoding=\"async\" class=\"size-medium wp-image-243 alignnone\" src=\"https:\/\/wasserstoffstadt-herten.de\/wp-content\/uploads\/2017\/02\/mobile_anwendungen2-201x300.jpg\" alt=\"mobile_anwendungen2\" width=\"201\" height=\"300\" \/><\/p>\n","protected":false},"excerpt":{"rendered":"<p>\u00dcber die Zukunft reden ist das eine. Zukunft erleben, etwas ganz anderes. Damit sich eine neue Technologie auf dem Markt &hellip; <a href=\"https:\/\/wasserstoffstadt-herten.de\/en\/englisch-technologie\/englisch-anwendungen\/\" class=\"more-link\">Continue reading <span class=\"screen-reader-text\">ENGLISCH Anwendungen<\/span><\/a><\/p>\n","protected":false},"author":1,"featured_media":0,"parent":37,"menu_order":0,"comment_status":"closed","ping_status":"closed","template":"","meta":{"footnotes":""},"_links":{"self":[{"href":"https:\/\/wasserstoffstadt-herten.de\/en\/wp-json\/wp\/v2\/pages\/43"}],"collection":[{"href":"https:\/\/wasserstoffstadt-herten.de\/en\/wp-json\/wp\/v2\/pages"}],"about":[{"href":"https:\/\/wasserstoffstadt-herten.de\/en\/wp-json\/wp\/v2\/types\/page"}],"author":[{"embeddable":true,"href":"https:\/\/wasserstoffstadt-herten.de\/en\/wp-json\/wp\/v2\/users\/1"}],"replies":[{"embeddable":true,"href":"https:\/\/wasserstoffstadt-herten.de\/en\/wp-json\/wp\/v2\/comments?post=43"}],"version-history":[{"count":1,"href":"https:\/\/wasserstoffstadt-herten.de\/en\/wp-json\/wp\/v2\/pages\/43\/revisions"}],"predecessor-version":[{"id":44,"href":"https:\/\/wasserstoffstadt-herten.de\/en\/wp-json\/wp\/v2\/pages\/43\/revisions\/44"}],"up":[{"embeddable":true,"href":"https:\/\/wasserstoffstadt-herten.de\/en\/wp-json\/wp\/v2\/pages\/37"}],"wp:attachment":[{"href":"https:\/\/wasserstoffstadt-herten.de\/en\/wp-json\/wp\/v2\/media?parent=43"}],"curies":[{"name":"wp","href":"https:\/\/api.w.org\/{rel}","templated":true}]}}