{"id":45,"date":"2017-04-05T13:43:55","date_gmt":"2017-04-05T11:43:55","guid":{"rendered":"https:\/\/wasserstoffstadt-herten.de\/en\/?page_id=45"},"modified":"2017-04-05T13:43:55","modified_gmt":"2017-04-05T11:43:55","slug":"englisch-infrastruktur","status":"publish","type":"page","link":"https:\/\/wasserstoffstadt-herten.de\/en\/englisch-technologie\/englisch-infrastruktur\/","title":{"rendered":"ENGLISCH Infrastruktur"},"content":{"rendered":"<h2>H2 Tankstelle \/ Pipeline<\/h2>\n<p class=\"bodytext\" style=\"text-align: left;\"><img loading=\"lazy\" decoding=\"async\" class=\"wp-image-256 alignnone\" src=\"https:\/\/wasserstoffstadt-herten.de\/wp-content\/uploads\/2017\/02\/h2_tankstelle-171x300.jpg\" alt=\"h2_tankstelle\" width=\"214\" height=\"375\" \/><\/p>\n<p class=\"bodytext\" style=\"text-align: left;\">Das Ewald-Gel\u00e4nde ist ein entscheidender Knotenpunkt beim Ausbau einer fl\u00e4chendeckenden Wasserstoff-Infrastruktur: Eine von NRW-weit vier H2-Tankstellen steht dort zur Versorgung der in Herten und der Region eingesetzten Wasserstoff-Fahrzeuge zur Verf\u00fcgung. Gespeist wird diese zuk\u00fcnftig mit dem aus der Windstromelektrolyse gewonnenem oder aus Biomasse hergestelltem gr\u00fcnen Wasserstoff. Erg\u00e4nzend zur direkten Produktion von gr\u00fcnem Wasserstoff, verl\u00e4uft direkt neben dem Gewerbegebiet eine 240 Kilometer lange Pipeline mit industriell hergestelltem Wasserstoff, die im nahe gelegenem Chemiepark in Marl gespeist wird und eine ideale Vorraussetzung f\u00fcr wasserstoffintensive Industrien darstellt.<\/p>\n<p class=\"bodytext\" style=\"text-align: left;\"><img loading=\"lazy\" decoding=\"async\" class=\"size-medium wp-image-255 alignleft\" src=\"https:\/\/wasserstoffstadt-herten.de\/wp-content\/uploads\/2017\/02\/EU-1-300x67.jpg\" alt=\"EU\" width=\"300\" height=\"67\" \/><\/p>\n","protected":false},"excerpt":{"rendered":"<p>H2 Tankstelle \/ Pipeline Das Ewald-Gel\u00e4nde ist ein entscheidender Knotenpunkt beim Ausbau einer fl\u00e4chendeckenden Wasserstoff-Infrastruktur: Eine von NRW-weit vier H2-Tankstellen &hellip; <a href=\"https:\/\/wasserstoffstadt-herten.de\/en\/englisch-technologie\/englisch-infrastruktur\/\" class=\"more-link\">Continue reading <span class=\"screen-reader-text\">ENGLISCH Infrastruktur<\/span><\/a><\/p>\n","protected":false},"author":1,"featured_media":0,"parent":37,"menu_order":0,"comment_status":"closed","ping_status":"closed","template":"","meta":{"footnotes":""},"_links":{"self":[{"href":"https:\/\/wasserstoffstadt-herten.de\/en\/wp-json\/wp\/v2\/pages\/45"}],"collection":[{"href":"https:\/\/wasserstoffstadt-herten.de\/en\/wp-json\/wp\/v2\/pages"}],"about":[{"href":"https:\/\/wasserstoffstadt-herten.de\/en\/wp-json\/wp\/v2\/types\/page"}],"author":[{"embeddable":true,"href":"https:\/\/wasserstoffstadt-herten.de\/en\/wp-json\/wp\/v2\/users\/1"}],"replies":[{"embeddable":true,"href":"https:\/\/wasserstoffstadt-herten.de\/en\/wp-json\/wp\/v2\/comments?post=45"}],"version-history":[{"count":1,"href":"https:\/\/wasserstoffstadt-herten.de\/en\/wp-json\/wp\/v2\/pages\/45\/revisions"}],"predecessor-version":[{"id":46,"href":"https:\/\/wasserstoffstadt-herten.de\/en\/wp-json\/wp\/v2\/pages\/45\/revisions\/46"}],"up":[{"embeddable":true,"href":"https:\/\/wasserstoffstadt-herten.de\/en\/wp-json\/wp\/v2\/pages\/37"}],"wp:attachment":[{"href":"https:\/\/wasserstoffstadt-herten.de\/en\/wp-json\/wp\/v2\/media?parent=45"}],"curies":[{"name":"wp","href":"https:\/\/api.w.org\/{rel}","templated":true}]}}