{"id":49,"date":"2017-04-05T13:46:09","date_gmt":"2017-04-05T11:46:09","guid":{"rendered":"https:\/\/wasserstoffstadt-herten.de\/en\/?page_id=49"},"modified":"2017-04-05T13:46:09","modified_gmt":"2017-04-05T11:46:09","slug":"englisch-kooperation","status":"publish","type":"page","link":"https:\/\/wasserstoffstadt-herten.de\/en\/englisch-unternehmen-partner\/englisch-kooperation\/","title":{"rendered":"ENGLISCH Kooperation"},"content":{"rendered":"<h2>Gemeinsam handeln &#8211; Gemeinsam stark<\/h2>\n<p class=\"bodytext\">Die Stadt Herten versteht sich als Teil der Metropolregion Ruhr, die mit ihrer langen energiepolitischen Geschichte und der dichtesten Hochschullandschaft Europas ideale Bedingungen f\u00fcr die Energiebranche bietet. So sind an verschiedenen Universit\u00e4ten und Fachhochschulen Arbeitsgruppen rund um das Thema Wasserstoff- und Brennstoffzellentechnologie t\u00e4tig. Erg\u00e4nzt wird dieser Bereich durch mehrere international anerkannte Forschungsinstitutionen (z.B. das ZBT in Duisburg).<\/p>\n<p class=\"bodytext\"><img loading=\"lazy\" decoding=\"async\" class=\"wp-image-288 aligncenter\" src=\"https:\/\/wasserstoffstadt-herten.de\/wp-content\/uploads\/2017\/02\/c612b84b9c.jpg\" alt=\"c612b84b9c\" width=\"150\" height=\"225\" \/><\/p>\n<p class=\"bodytext\">So konnten in den vergangenen Jahren zahlreiche Netzwerke und Kooperationen mit verschiedensten Partnern aufgebaut und etabliert werden.<\/p>\n<p class=\"bodytext\">Kooperationen gibt es u.a. mit dem:<\/p>\n<ul>\n<li>Deutschen Wasserstoffverband (DWV)<\/li>\n<li>Kompetenznetzwerk Brennstoffzelle und Wasserstoff NRW<\/li>\n<li>EnergieAgentur NRW<\/li>\n<li>Zentrum f\u00fcr Brennstoffzellentechnologie (ZBT)<\/li>\n<li>Forschungszentrum J\u00fclich<\/li>\n<li>Westf\u00e4lische Hochschule<\/li>\n<li>h2-netzwerk-ruhr e.V.<\/li>\n<li>HyCologne<\/li>\n<\/ul>\n<p>Besonders hervorzuheben ist an dieser Stelle die Mitgliedschaft im <a class=\"external-link-new-window\" href=\"http:\/\/www.h2-netzwerk-ruhr.de\" target=\"_blank\">h2-netzwerk-ruhr \u00a0e.V.<\/a> Der Verein hat sich zum Ziel gesetzt, die Rahmenbedingungen f\u00fcr das Kompetenzfeld der Wasserstoff- und Brennstoffzellentechnologie in der Metropole Ruhr auszubauen und zu st\u00e4rken.<br \/>\nNutzen und profitieren Sie von dieser deutschlandweit einmaligen Dichte an verschiedensten Akteuren und den bereits bestehenden Kooperationen. Gern helfen und beraten wir Sie dabei. Unter der Rubrik &#8220;Service&#8221; sind unsere direkten Angebote dargestellt.<\/p>\n","protected":false},"excerpt":{"rendered":"<p>Gemeinsam handeln &#8211; Gemeinsam stark Die Stadt Herten versteht sich als Teil der Metropolregion Ruhr, die mit ihrer langen energiepolitischen &hellip; <a href=\"https:\/\/wasserstoffstadt-herten.de\/en\/englisch-unternehmen-partner\/englisch-kooperation\/\" class=\"more-link\">Continue reading <span class=\"screen-reader-text\">ENGLISCH Kooperation<\/span><\/a><\/p>\n","protected":false},"author":1,"featured_media":0,"parent":47,"menu_order":0,"comment_status":"closed","ping_status":"closed","template":"","meta":{"footnotes":""},"_links":{"self":[{"href":"https:\/\/wasserstoffstadt-herten.de\/en\/wp-json\/wp\/v2\/pages\/49"}],"collection":[{"href":"https:\/\/wasserstoffstadt-herten.de\/en\/wp-json\/wp\/v2\/pages"}],"about":[{"href":"https:\/\/wasserstoffstadt-herten.de\/en\/wp-json\/wp\/v2\/types\/page"}],"author":[{"embeddable":true,"href":"https:\/\/wasserstoffstadt-herten.de\/en\/wp-json\/wp\/v2\/users\/1"}],"replies":[{"embeddable":true,"href":"https:\/\/wasserstoffstadt-herten.de\/en\/wp-json\/wp\/v2\/comments?post=49"}],"version-history":[{"count":1,"href":"https:\/\/wasserstoffstadt-herten.de\/en\/wp-json\/wp\/v2\/pages\/49\/revisions"}],"predecessor-version":[{"id":50,"href":"https:\/\/wasserstoffstadt-herten.de\/en\/wp-json\/wp\/v2\/pages\/49\/revisions\/50"}],"up":[{"embeddable":true,"href":"https:\/\/wasserstoffstadt-herten.de\/en\/wp-json\/wp\/v2\/pages\/47"}],"wp:attachment":[{"href":"https:\/\/wasserstoffstadt-herten.de\/en\/wp-json\/wp\/v2\/media?parent=49"}],"curies":[{"name":"wp","href":"https:\/\/api.w.org\/{rel}","templated":true}]}}