{"id":2,"date":"2016-09-27T11:10:23","date_gmt":"2016-09-27T09:10:23","guid":{"rendered":"https:\/\/wasserstoffstadt-herten.de\/?page_id=2"},"modified":"2023-12-18T14:10:00","modified_gmt":"2023-12-18T13:10:00","slug":"2-2","status":"publish","type":"page","link":"https:\/\/wasserstoffstadt-herten.de\/","title":{"rendered":""},"content":{"rendered":"<h2>Willkommen in der Wasserstoffstadt Herten<\/h2>\n<p class=\"bodytext\">Die gr\u00f6\u00dfte Herausforderung der Energiewende ist der Transport und die Speicherung erneuerbarer Energien. Eine M\u00f6glichkeit, diese Herausforderung zu bew\u00e4ltigen, ist die Speicherung von Energie in Wasserstoff und deren R\u00fcckgewinnung durch Brennstoffzellen. Energie war in den vergangenen 135 Jahren in Herten immer ein dominierendes Thema: erst als gr\u00f6\u00dfte Bergbaustadt Europas, heute als einer der bedeutendsten Standorte f\u00fcr die Wasserstoff- und Brennstoffzellentechnologie. Wegweisend ist hierbei auch die Gewinnung von sog. &#8222;gr\u00fcnem Wasserstoff&#8220; durch Windstromelektrolyse.<\/p>\n<p class=\"bodytext\"><img loading=\"lazy\" decoding=\"async\" class=\"alignnone size-medium wp-image-320\" src=\"https:\/\/wasserstoffstadt-herten.de\/wp-content\/uploads\/2016\/09\/MG_0678-Windrad-300x197.jpg\" alt=\"_MG_0678 Windrad\" width=\"300\" height=\"197\" srcset=\"https:\/\/wasserstoffstadt-herten.de\/wp-content\/uploads\/2016\/09\/MG_0678-Windrad-300x197.jpg 300w, https:\/\/wasserstoffstadt-herten.de\/wp-content\/uploads\/2016\/09\/MG_0678-Windrad-768x505.jpg 768w, https:\/\/wasserstoffstadt-herten.de\/wp-content\/uploads\/2016\/09\/MG_0678-Windrad-1024x674.jpg 1024w, https:\/\/wasserstoffstadt-herten.de\/wp-content\/uploads\/2016\/09\/MG_0678-Windrad-164x108.jpg 164w, https:\/\/wasserstoffstadt-herten.de\/wp-content\/uploads\/2016\/09\/MG_0678-Windrad.jpg 1772w\" sizes=\"(max-width: 300px) 100vw, 300px\" \/><\/p>\n<p class=\"bodytext\">Was im Jahr 2000 als Vision entstand, ist heute bereits Realit\u00e4t. Auf dem ehe\u00admaligen Zechen\u00adgel\u00e4nde Ewald haben sich in den vergangenen Jahren zahlreiche Unternehmen und Institutionen angesiedelt, die sich f\u00fcr erneuerbare Energien, insbesondere f\u00fcr das Technologiefeld der Wasserstoff- und Brennstoffzellentechnologie stark machen. Zusammen bilden sie das Wasserstoff-Kompetenzzentrum Herten. Die Vision wurde zielstrebig zu einem individuellen Standortprofil ausgebaut. Produktion, Transport oder Anwendungen &#8211; Herten f\u00f6rdert entlang der gesamten Wertsch\u00f6pfungskette diese Zukunftsbranche.<\/p>\n<div id=\"c467\" class=\"csc-default\">\n<div class=\"csc-textpic csc-textpic-center csc-textpic-below\">\n<div class=\"csc-textpic-imagewrap\">\n<p><img loading=\"lazy\" decoding=\"async\" class=\"alignnone size-full wp-image-433\" src=\"https:\/\/wasserstoffstadt-herten.de\/wp-content\/uploads\/2016\/09\/aaa_Ministerium.jpg\" alt=\"\" width=\"295\" height=\"56\"><\/p>\n<p><a href=\"https:\/\/wasserstoffstadt-herten.de\/wp-content\/uploads\/2016\/09\/aaa_Logo_EFRE_mit_Zuk_RGB_jpg.jpg\"><img loading=\"lazy\" decoding=\"async\" class=\"alignnone  wp-image-432\" src=\"https:\/\/wasserstoffstadt-herten.de\/wp-content\/uploads\/2016\/09\/aaa_Logo_EFRE_mit_Zuk_RGB_jpg.jpg\" alt=\"aaa_Logo_EFRE_mit_Zuk_RGB_jpg\" width=\"296\" height=\"63\"><\/a><\/p>\n<\/div>\n<\/div>\n<\/div>\n","protected":false},"excerpt":{"rendered":"<p>Willkommen in der Wasserstoffstadt Herten Die gr\u00f6\u00dfte Herausforderung der Energiewende ist der Transport und die Speicherung erneuerbarer Energien. Eine M\u00f6glichkeit, &hellip; <a href=\"https:\/\/wasserstoffstadt-herten.de\/\" class=\"more-link\"><span class=\"screen-reader-text\"><\/span> weiterlesen<\/a><\/p>\n","protected":false},"author":1,"featured_media":106,"parent":0,"menu_order":0,"comment_status":"closed","ping_status":"closed","template":"","meta":{"footnotes":""},"_links":{"self":[{"href":"https:\/\/wasserstoffstadt-herten.de\/index.php?rest_route=\/wp\/v2\/pages\/2"}],"collection":[{"href":"https:\/\/wasserstoffstadt-herten.de\/index.php?rest_route=\/wp\/v2\/pages"}],"about":[{"href":"https:\/\/wasserstoffstadt-herten.de\/index.php?rest_route=\/wp\/v2\/types\/page"}],"author":[{"embeddable":true,"href":"https:\/\/wasserstoffstadt-herten.de\/index.php?rest_route=\/wp\/v2\/users\/1"}],"replies":[{"embeddable":true,"href":"https:\/\/wasserstoffstadt-herten.de\/index.php?rest_route=%2Fwp%2Fv2%2Fcomments&post=2"}],"version-history":[{"count":25,"href":"https:\/\/wasserstoffstadt-herten.de\/index.php?rest_route=\/wp\/v2\/pages\/2\/revisions"}],"predecessor-version":[{"id":1115,"href":"https:\/\/wasserstoffstadt-herten.de\/index.php?rest_route=\/wp\/v2\/pages\/2\/revisions\/1115"}],"wp:featuredmedia":[{"embeddable":true,"href":"https:\/\/wasserstoffstadt-herten.de\/index.php?rest_route=\/wp\/v2\/media\/106"}],"wp:attachment":[{"href":"https:\/\/wasserstoffstadt-herten.de\/index.php?rest_route=%2Fwp%2Fv2%2Fmedia&parent=2"}],"curies":[{"name":"wp","href":"https:\/\/api.w.org\/{rel}","templated":true}]}}