{"id":37,"date":"2016-10-26T20:33:14","date_gmt":"2016-10-26T18:33:14","guid":{"rendered":"https:\/\/wasserstoffstadt-herten.de\/?page_id=37"},"modified":"2023-03-09T09:48:58","modified_gmt":"2023-03-09T08:48:58","slug":"unternehmen","status":"publish","type":"page","link":"https:\/\/wasserstoffstadt-herten.de\/?page_id=37","title":{"rendered":"Unternehmen &amp; Partner"},"content":{"rendered":"<div id=\"c617\" class=\"csc-default\">\n<h1>Mieter\/Partner H2Anwenderzentrum Herten<\/h1>\n<\/div>\n<div id=\"c616\" class=\"csc-default\">\n<ul>\n<li><a href=\"http:\/\/www.h2herten.de\/\">Anwenderzentrum H2 Herten GmbH<\/a><br \/>\nErrichtung und Betrieb der Windstromelektrolyse<\/li>\n<\/ul>\n<ul>\n<li><a href=\"http:\/\/www.concordblueenergy.com\/\">Concord Blue Engineering GmbH<\/a><br \/>\nBetrieb von Versuchsanlagef\u00fcr Biomasse- und Reststoff- Verwertungsanlagen in Halle 5 des AWZ<\/li>\n<\/ul>\n<ul>\n<li><a href=\"https:\/\/eadips.org\/\" target=\"_blank\" rel=\"noopener noreferrer\">EADIPS<\/a>\u00ae<br \/>\nDie Fachgemeinschaft Guss-Rohrsysteme (FGR\u00ae) e. V. ist ein technisch-wissenschaftlicher Verein, in dem europ\u00e4ische Firmen zusammengeschlossen sind, welche Rohre, Formst\u00fccke und Armaturen aus duktilem Gusseisen herstellen.<\/li>\n<\/ul>\n<ul>\n<li><a href=\"http:\/\/www.eazyclean.com\/\" target=\"_blank\" rel=\"noopener noreferrer\">EazyClean GmbH<\/a><br \/>\nEntwicklung und Produktion von Maschinen f\u00fcr die Textilreinigung<\/li>\n<\/ul>\n<\/div>\n<ul>\n<li><a href=\"https:\/\/www.eura-ag.com\/\" target=\"_blank\" rel=\"noopener noreferrer\">EurA AG<\/a><br \/>\nDie EurA AG ist europaweit t\u00e4tig im Bereich Technologie- und<\/li>\n<\/ul>\n<div id=\"c616\" class=\"csc-default\">\n<ul>\n<li><a href=\"http:\/\/www.fresenius-ut.com\/\">Fresenius Umwelttechnik GmbH<\/a><br \/>\nForschung und Entwicklung im Bereich Gasmesstechnik (auch Wasserstoff)<\/li>\n<\/ul>\n<ul>\n<li><a href=\"http:\/\/www.h2-netzwerk-ruhr.de\/\">h2-Netzwerk-Ruhr e.V.<br \/>\n<\/a>Verein zur F\u00f6rderung von Wasserstoff- und Brennstoffzellentechnologie in der Region<\/li>\n<\/ul>\n<ul>\n<li><a href=\"http:\/\/hycon-energy.com\/de\/home-3\/\">HYCON GmbH<br \/>\n<\/a>Engineering- und Consultingleistungen im Bereich wasserstoff-basierter Energiesysteme<\/li>\n<\/ul>\n<ul>\n<li><a href=\"http:\/\/www.hyref.eu\/\">HyRef GmbH<br \/>\n<\/a>Entwicklung, Produktion und Handel mit Brennstoffzellen, Energiespeichern und Zubeh\u00f6r<\/li>\n<\/ul>\n<ul>\n<li><a href=\"http:\/\/www.naturwerk-energien.de\/\" target=\"_blank\" rel=\"noopener noreferrer\">NATURWERK Windenergie GmbH<\/a><br \/>\nPlanung, Errichtung und Betrieb von Windenergieanlagen<\/li>\n<\/ul>\n<ul>\n<li><a href=\"https:\/\/prencon.com\/\" target=\"_blank\" rel=\"noopener noreferrer\">PRENCON<\/a><br \/>\nPRENCON unterst\u00fctzt mit langj\u00e4hriger Erfahrung und Fachwissen in der Projektionsindustrie Industrieplanung und bietet Dienstleistungen in den Bereichen der Entsorgungs-Chemie- sowie Planungsbranche an.<\/li>\n<\/ul>\n<\/div>\n<ul>\n<li><a href=\"https:\/\/www.tuv.com\/germany\/de\/\" target=\"_blank\" rel=\"noopener noreferrer\">T\u00dcV Rheinland<\/a><br \/>\nAls erfahrener Industriepartner unterst\u00fctzen wir Hersteller, Betreiber und Anwender entlang der gesamten Wasserstoff-Wertsch\u00f6pfungskette mit notwendigen Pr\u00fcfungen wie auch mit unserem Know-how.<\/li>\n<\/ul>\n<div id=\"c616\" class=\"csc-default\">\n<ul>\n<li><a href=\"https:\/\/www.turbonik.de\/\" target=\"_blank\" rel=\"noopener noreferrer\">Turbonik<\/a><br \/>\nTURBONIK entwickelt und vertreibt die Mikro-Dampfturbine MDT-300. Die Eigenstromerzeugung aus Dampf wird dadurch auch bei kleinen Dampfmengen gewinnbringend m\u00f6glich.<\/li>\n<\/ul>\n<\/div>\n<div id=\"c616\" class=\"csc-default\">\n<ul>\n<li><a href=\"https:\/\/vmt-vision-technology.com\/de\/content\/1388\/167\/home\" target=\"_blank\" rel=\"noopener noreferrer\">VMT Vision Machine Technic Bildverarbeitungssysteme GmbH (ehemals Espace 6D GmbH)<\/a><br \/>\nDas Unternehmen erbringt Ingenieurleistungen im Bereich der Koordinatenmesstechnik und Robotik sowie im Bereich der medizinischen Bildverarbeitungs- bzw. Softwaretechnik und Softwareentwicklung.<br \/>\n<span style=\"color: #ffffff;\">xxxxxxx<\/span><\/li>\n<li><a href=\"https:\/\/www.w-hs.de\/wei\/arbeitsgruppenseiten\/wasserstoffenergiesysteme\/hyheatstore\/#:~:text=Kurzbezeichnung%3A%20HyHeatStore&amp;text=Die%20thermische%20Entladung%20des%20W%C3%A4rmespeichers,400%20%C2%B0C%20freigesetzt.\" target=\"_blank\" rel=\"noopener noreferrer\">Westf\u00e4lische Hochschule<\/a><br \/>\nProjekt HyHeatStore: Entwicklung und Demonstration eines anwendungsnahen, wasserstoffbasierten Hochtemperatur W\u00e4rmespeichersystems<\/li>\n<\/ul>\n<\/div>\n","protected":false},"excerpt":{"rendered":"<p>Mieter\/Partner H2Anwenderzentrum Herten Anwenderzentrum H2 Herten GmbH Errichtung und Betrieb der Windstromelektrolyse Concord Blue Engineering GmbH Betrieb von Versuchsanlagef\u00fcr Biomasse- &hellip; <a href=\"https:\/\/wasserstoffstadt-herten.de\/?page_id=37\" class=\"more-link\"><span class=\"screen-reader-text\">Unternehmen &amp; Partner<\/span> weiterlesen<\/a><\/p>\n","protected":false},"author":1,"featured_media":0,"parent":0,"menu_order":0,"comment_status":"closed","ping_status":"closed","template":"","meta":{"footnotes":""},"_links":{"self":[{"href":"https:\/\/wasserstoffstadt-herten.de\/index.php?rest_route=\/wp\/v2\/pages\/37"}],"collection":[{"href":"https:\/\/wasserstoffstadt-herten.de\/index.php?rest_route=\/wp\/v2\/pages"}],"about":[{"href":"https:\/\/wasserstoffstadt-herten.de\/index.php?rest_route=\/wp\/v2\/types\/page"}],"author":[{"embeddable":true,"href":"https:\/\/wasserstoffstadt-herten.de\/index.php?rest_route=\/wp\/v2\/users\/1"}],"replies":[{"embeddable":true,"href":"https:\/\/wasserstoffstadt-herten.de\/index.php?rest_route=%2Fwp%2Fv2%2Fcomments&post=37"}],"version-history":[{"count":18,"href":"https:\/\/wasserstoffstadt-herten.de\/index.php?rest_route=\/wp\/v2\/pages\/37\/revisions"}],"predecessor-version":[{"id":1054,"href":"https:\/\/wasserstoffstadt-herten.de\/index.php?rest_route=\/wp\/v2\/pages\/37\/revisions\/1054"}],"wp:attachment":[{"href":"https:\/\/wasserstoffstadt-herten.de\/index.php?rest_route=%2Fwp%2Fv2%2Fmedia&parent=37"}],"curies":[{"name":"wp","href":"https:\/\/api.w.org\/{rel}","templated":true}]}}