{"id":40,"date":"2016-10-26T20:33:36","date_gmt":"2016-10-26T18:33:36","guid":{"rendered":"https:\/\/wasserstoffstadt-herten.de\/?page_id=40"},"modified":"2018-03-05T12:07:40","modified_gmt":"2018-03-05T11:07:40","slug":"standort","status":"publish","type":"page","link":"https:\/\/wasserstoffstadt-herten.de\/?page_id=40","title":{"rendered":"Standort"},"content":{"rendered":"<div id=\"c384\" class=\"csc-default\">\n<div class=\"csc-textpic csc-textpic-intext-left csc-textpic-equalheight\">\n<div class=\"csc-textpic-text\">\n<h1>Wasserstoff-Kompetenzzentrum Herten<\/h1>\n<p class=\"bodytext\">Das Wasserstoff-Kompetenzzentrum auf dem ehemaligen Gel\u00e4nde der Zeche Ewald in Herten bietet Unternehmen der Wasserstoff- und Brennstoffzellentechnologie ideale Bedingungen. So konnten in den letzten Jahren zahlreiche Firmen\u00a0von der Produktion \u00fcber die Speicherung und den Transport bis zur konkreten Anwendung von Wasserstoff angesiedelt werden,\u00a0die so von vielen Synergieeffekten profitieren k\u00f6nnen. Bei der Wasserstoffproduktion setzte Herten fr\u00fch auf den sogenannten &#8222;gr\u00fcnen Wasserstoff&#8220;, also die H2-Produktion aus regenativen Energietr\u00e4gern. So befinden sich aktuell auf dem Gel\u00e4nde zwei Wasserstoff-Produktionsanlagen, die Wasserstoff durch Windstromelektrolyse erzeugen.<\/p>\n<p class=\"bodytext\"><img loading=\"lazy\" decoding=\"async\" class=\"alignnone size-medium wp-image-325\" src=\"https:\/\/wasserstoffstadt-herten.de\/wp-content\/uploads\/2016\/10\/eingang-201x300.jpg\" alt=\"eingang\" width=\"201\" height=\"300\" srcset=\"https:\/\/wasserstoffstadt-herten.de\/wp-content\/uploads\/2016\/10\/eingang.jpg 201w, https:\/\/wasserstoffstadt-herten.de\/wp-content\/uploads\/2016\/10\/eingang-72x108.jpg 72w\" sizes=\"(max-width: 201px) 100vw, 201px\" \/><\/p>\n<p class=\"bodytext\">Dreh- und Angelpunkt des Kompetenzzentrums ist das erste kommunale Anwenderzentrum, das 2009 er\u00f6ffnet wurde.\u00a0Zahlreiche Unternehmen\u00a0nutzen die B\u00fcro- und Werkstattfl\u00e4chen sowie die Konferenzr\u00e4ume und die Ausweisung von Fl\u00e4chen. Dar\u00fcber hinaus bekommen sie Unterst\u00fctzung bei allen technologieorientierten Projekten etwa hinsichtlich F\u00f6rderm\u00f6glichkeiten auf EU-, Bundes- und Landesebene.<\/p>\n<p class=\"bodytext\">Weitere Standortvorteile ergeben sich durch die hervorragende Verkehrsanbindung und die Einbindung des Wasserstoff-Kompetenzzentrums Herten in die Wasserstoffregion Ruhr, die sich kontinuierlich zu einem internationalen Zentrum der Wasserstoff- und Brennstoffzellentechnologie entwickelt. Weitere Informationen zur Lage erhalten Sie hier.<\/p>\n<\/div>\n<\/div>\n<div class=\"csc-textpic-clear\"><\/div>\n<\/div>\n<div id=\"c383\" class=\"csc-default\"><\/div>\n<div class=\"csc-default\"><\/div>\n<div class=\"csc-default\"><\/div>\n<div id=\"c469\" class=\"csc-default\">\n<div class=\"csc-textpic csc-textpic-center csc-textpic-below\">\n<div class=\"csc-textpic-imagewrap\">\n<p><a href=\"https:\/\/wasserstoffstadt-herten.de\/wp-content\/uploads\/2016\/09\/aaa_Ministerium.jpg\"><img loading=\"lazy\" decoding=\"async\" class=\"alignnone size-full wp-image-433\" src=\"https:\/\/wasserstoffstadt-herten.de\/wp-content\/uploads\/2016\/09\/aaa_Ministerium.jpg\" alt=\"aaa_Ministerium\" width=\"295\" height=\"56\" \/><\/a><\/p>\n<p><a href=\"https:\/\/wasserstoffstadt-herten.de\/wp-content\/uploads\/2016\/09\/aaa_Logo_EFRE_mit_Zuk_RGB_jpg.jpg\"><img loading=\"lazy\" decoding=\"async\" class=\"alignnone  wp-image-432\" src=\"https:\/\/wasserstoffstadt-herten.de\/wp-content\/uploads\/2016\/09\/aaa_Logo_EFRE_mit_Zuk_RGB_jpg.jpg\" alt=\"aaa_Logo_EFRE_mit_Zuk_RGB_jpg\" width=\"295\" height=\"77\" \/><\/a><\/p>\n<p>&nbsp;<\/p>\n<\/div>\n<\/div>\n<\/div>\n","protected":false},"excerpt":{"rendered":"<p>Wasserstoff-Kompetenzzentrum Herten Das Wasserstoff-Kompetenzzentrum auf dem ehemaligen Gel\u00e4nde der Zeche Ewald in Herten bietet Unternehmen der Wasserstoff- und Brennstoffzellentechnologie ideale &hellip; <a href=\"https:\/\/wasserstoffstadt-herten.de\/?page_id=40\" class=\"more-link\"><span class=\"screen-reader-text\">Standort<\/span> weiterlesen<\/a><\/p>\n","protected":false},"author":1,"featured_media":0,"parent":0,"menu_order":0,"comment_status":"closed","ping_status":"closed","template":"","meta":{"footnotes":""},"_links":{"self":[{"href":"https:\/\/wasserstoffstadt-herten.de\/index.php?rest_route=\/wp\/v2\/pages\/40"}],"collection":[{"href":"https:\/\/wasserstoffstadt-herten.de\/index.php?rest_route=\/wp\/v2\/pages"}],"about":[{"href":"https:\/\/wasserstoffstadt-herten.de\/index.php?rest_route=\/wp\/v2\/types\/page"}],"author":[{"embeddable":true,"href":"https:\/\/wasserstoffstadt-herten.de\/index.php?rest_route=\/wp\/v2\/users\/1"}],"replies":[{"embeddable":true,"href":"https:\/\/wasserstoffstadt-herten.de\/index.php?rest_route=%2Fwp%2Fv2%2Fcomments&post=40"}],"version-history":[{"count":11,"href":"https:\/\/wasserstoffstadt-herten.de\/index.php?rest_route=\/wp\/v2\/pages\/40\/revisions"}],"predecessor-version":[{"id":437,"href":"https:\/\/wasserstoffstadt-herten.de\/index.php?rest_route=\/wp\/v2\/pages\/40\/revisions\/437"}],"wp:attachment":[{"href":"https:\/\/wasserstoffstadt-herten.de\/index.php?rest_route=%2Fwp%2Fv2%2Fmedia&parent=40"}],"curies":[{"name":"wp","href":"https:\/\/api.w.org\/{rel}","templated":true}]}}