{"id":43,"date":"2016-10-26T20:33:53","date_gmt":"2016-10-26T18:33:53","guid":{"rendered":"https:\/\/wasserstoffstadt-herten.de\/?page_id=43"},"modified":"2018-11-16T10:13:35","modified_gmt":"2018-11-16T09:13:35","slug":"leistungen","status":"publish","type":"page","link":"https:\/\/wasserstoffstadt-herten.de\/?page_id=43","title":{"rendered":"Leistungen"},"content":{"rendered":"<h1>Wir sind f\u00fcr Sie da:<\/h1>\n<p class=\"bodytext\">Profitieren Sie von unserer langj\u00e4hrigen Erfahrung im Projektmanagement.<\/p>\n<p class=\"bodytext\">Das Team von h2herten und der st\u00e4dtischen Wirtschaftsf\u00f6rderung unterst\u00fctzt Sie aktiv und kompetent:<\/p>\n<ul>\n<li>bei Firmenansiedlungen und Existenzgr\u00fcndungen<\/li>\n<li>auf Ihrem Weg durch die F\u00f6rderprogramme<\/li>\n<li>bei der\u00a0Realisierung von Projektideen<\/li>\n<li>\u00fcber Kontakte zu Wissenschaft und Forschung, zur Industrie<br \/>\nund den relevanten Verb\u00e4nden<\/li>\n<li>Unterst\u00fctzung bei der Initiierung bzw. Begleitung<br \/>\nvon Forschungs- und Entwicklungsprojekten<\/li>\n<li>Kontaktvermittlung<\/li>\n<li>Networking<\/li>\n<li>Pr\u00e4senzen auf Messen und Fachveranstaltungen<\/li>\n<li>\u00d6ffentlichkeitsarbeit &#8211; Standortmarketing<\/li>\n<\/ul>\n<p class=\"bodytext\">Oder ben\u00f6tigen Sie einen Raum f\u00fcr Ihr Meeting oder einen Workshop?<br \/>\nUnsere Leistungen im Einzelnen k\u00f6nnen Sie hier nachlesen.<br \/>\nNehmen Sie einfach Kontakt zu uns auf.<\/p>\n<div id=\"c478\" class=\"csc-default\">\n<div class=\"csc-textpic csc-textpic-center csc-textpic-below\">\n<div class=\"csc-textpic-imagewrap\">\n<p>&nbsp;<\/p>\n<p>&nbsp;<\/p>\n<\/div>\n<\/div>\n<\/div>\n","protected":false},"excerpt":{"rendered":"<p>Wir sind f\u00fcr Sie da: Profitieren Sie von unserer langj\u00e4hrigen Erfahrung im Projektmanagement. Das Team von h2herten und der st\u00e4dtischen &hellip; <a href=\"https:\/\/wasserstoffstadt-herten.de\/?page_id=43\" class=\"more-link\"><span class=\"screen-reader-text\">Leistungen<\/span> weiterlesen<\/a><\/p>\n","protected":false},"author":1,"featured_media":0,"parent":0,"menu_order":0,"comment_status":"closed","ping_status":"closed","template":"","meta":{"footnotes":""},"_links":{"self":[{"href":"https:\/\/wasserstoffstadt-herten.de\/index.php?rest_route=\/wp\/v2\/pages\/43"}],"collection":[{"href":"https:\/\/wasserstoffstadt-herten.de\/index.php?rest_route=\/wp\/v2\/pages"}],"about":[{"href":"https:\/\/wasserstoffstadt-herten.de\/index.php?rest_route=\/wp\/v2\/types\/page"}],"author":[{"embeddable":true,"href":"https:\/\/wasserstoffstadt-herten.de\/index.php?rest_route=\/wp\/v2\/users\/1"}],"replies":[{"embeddable":true,"href":"https:\/\/wasserstoffstadt-herten.de\/index.php?rest_route=%2Fwp%2Fv2%2Fcomments&post=43"}],"version-history":[{"count":10,"href":"https:\/\/wasserstoffstadt-herten.de\/index.php?rest_route=\/wp\/v2\/pages\/43\/revisions"}],"predecessor-version":[{"id":559,"href":"https:\/\/wasserstoffstadt-herten.de\/index.php?rest_route=\/wp\/v2\/pages\/43\/revisions\/559"}],"wp:attachment":[{"href":"https:\/\/wasserstoffstadt-herten.de\/index.php?rest_route=%2Fwp%2Fv2%2Fmedia&parent=43"}],"curies":[{"name":"wp","href":"https:\/\/api.w.org\/{rel}","templated":true}]}}